{"id":3714,"date":"2019-09-22T16:21:09","date_gmt":"2019-09-22T16:21:09","guid":{"rendered":"https:\/\/mercedespedroche.com\/?page_id=3714"},"modified":"2024-04-09T17:11:29","modified_gmt":"2024-04-09T17:11:29","slug":"bio-extendida","status":"publish","type":"page","link":"https:\/\/mercedespedroche.com\/en\/bio-extendida","title":{"rendered":"BIO"},"content":{"rendered":"<p>[vc_row][vc_column]<div class=\"edgtf-elements-holder   edgtf-one-column  edgtf-responsive-mode-768 \" ><div class=\"edgtf-eh-item    \"  data-item-class=\"edgtf-eh-custom-5864\">\n\t<div class=\"edgtf-eh-item-inner\">\n\t\t<div class=\"edgtf-eh-item-content edgtf-eh-custom-5864\" >\n\t\t\t[vc_column_text]<\/p>\n<h1>Mercedes Pedroche<\/h1>\n<p>[\/vc_column_text][vc_empty_space height=&#8221;13px&#8221;][vc_separator color=&#8221;black&#8221; align=&#8221;align_left&#8221; border_width=&#8221;4&#8243; el_width=&#8221;10&#8243;][vc_empty_space height=&#8221;13px&#8221;][vc_column_text]Born in Madrid (Spain), 1974.<\/p>\n<p>Master in Theater Creation with Honors (Universidad Carlos III de Madrid), directed by the playwright and theater director Juan Mayorga, working with professors such as Pablo Messiez, \u00c1lvaro Tato, Enzo Cormann, Mateo Feij\u00f3o, Jos\u00e9 Sanch\u00eds Sinisterra, Jos\u00e9 Luis Garc\u00eda Barrientos and Sol Pic\u00f3.<\/p>\n<p>She developed her dance training in Madrid (Imperial Society of Teachers of Dancing, Carmen Senra Professional Dance School, Conservatorio Superior Mar\u00eda de \u00c1vila), New York (Steps, Broadway Dance Center), Rome (Istituto Addestramento Lavoratori dello Spettacolo) and Vienna (Impulstanz). She furthers her training through specific workshops with Mark Tompkins, M\u00f3nica Valenciano, Daniel Abreu, I\u00f1aki Azpillaga, Germ\u00e1n Ja\u00faregui, Josef Frucek, Linda Kapetanea, Roberto Olivan, Guillermo Weickert, Aitana Cordero, \u00c1ngela Rodr\u00edguez, Chevi Muraday, Rebeca Falc\u00f3n, M\u00f3nica Runde y Teresa Nieto.<\/p>\n<p>Bachelor Degree in Business and Economics (Universidad Aut\u00f3noma de Madrid) and Degree in Classical Guitar (Real Conservatorio de M\u00fasica de Madrid).<\/p>\n<p>She begins her professional journey as a performer in 1995 under the direction of the spanish musician and composer Nacho Cano, in the &#8220;A world separated by the same God&#8221; musical tour. She has moved within a number of different dance environments at the hands of contemporary dance choreographers such as \u00c1ngela Rodr\u00edguez, Ram\u00f3n Oll\u00e9r, Sol Pic\u00f3, Chevi Muraday, Juan de Torres, Daniela Merlo, Richard Siegal y Stephan Boko. She has also worked in musical theater (&#8220;Grease&#8221;, &#8220;Peter Pan&#8221;, &#8220;La Magia de Broadway&#8221;), films (&#8220;20 cent\u00edmetros&#8221;, &#8220;Los Manager&#8221;, &#8220;Una hora m\u00e1s en Canarias&#8221;), commercials, and for spanish and italian television (TVE1, A3, Tele5, RAI1- Italy, Mediaset-Italy).<\/p>\n<p>From 2005, she focuses her work on contemporary creation and teaching. Since then she has premiered the pieces: &#8220;<strong>La invenci\u00f3n de la realidad<\/strong>&#8220;\/ <em>The invention of reality<\/em>, &#8220;<strong>Terrario [La tierna indiferencia del mundo]<\/strong>&#8220;\/ <em>Terrarium [The tender indifference of the world]<\/em>, &#8220;<strong>Artificios y Leopardos<\/strong>&#8220;\/ <em>Artifices and Leopards<\/em>, &#8220;<strong>\u00c1rido, Seda<\/strong>&#8220;\/ <em>Arid, Silk<\/em>, &#8220;<strong>Par\u00e1metros<\/strong>&#8220;\/ <em>Parameters<\/em>, &#8220;<strong>Grita<\/strong>&#8220;\/ <em>Shout<\/em>, &#8220;<strong>R\u00e9quiem al 33<\/strong>&#8220;\/ <em>Requiem at 33<\/em>, &#8220;<strong>Que paren la tierra que me subo a una canica<\/strong>&#8220;\/ <em>Stop the Earth, I\u00b4m gettting onto a marble<\/em> y &#8220;<strong>Cambio curso de discusi\u00f3n avanzada por asiento con vistas<\/strong>&#8220;\/ <em>I exchange a course of advanced argumentation for a seat with a view<\/em>. Her pieces have been presented at festivals and theaters such as: Festival Internacional Madrid en Danza, Teatros del Canal, Teatro de la Abad\u00eda, Auditorio La Mutant (Valencia), Festival Dansa Quinzena Metropolitana (Barcelona), Teatro TNT (Sevilla), Festival Ellas Crean, Teatro Pradillo (Madrid), Lekuz Leku (Bilbao), Mes de Danza de Sevilla, Auditorio de Tenerife, Cartograf\u00edas de la Danza, Gatadans, Festival 3D, Festival Encuentros en Asturias, Nerja Danza, Huellas-Danza en paisajes ins\u00f3litos, ACT Festival (Bulgaria), ArtEZ University of the Arts (Pa\u00edses Bajos), Festival Al borde y Festival Endanzante (Colombia).<\/p>\n<p>She has been a resident company at the Canal Choreographic Center in the years 2011, 2021, and 2022, and her productions have received support from: Choreographic Production Grants from the Community of Madrid, Teatros del Canal, A GATAS Research and Creation Residency (promoted by the Conde Duque Contemporary Culture Center, Teatro de la Abad\u00eda, and the Royal School of Dramatic Art of Madrid), National Dance Company (Spain), La Faktor\u00eda Choreographic Center, L&#8217;Obrador Creation Space, Paco Rabal Cultural Center, and the Dance Creation Scholarships from the Mayor&#8217;s Office of Medell\u00edn (Colombia).<\/p>\n<p>Her piece &#8220;<strong>Artificios y Leopardos<\/strong>&#8221; was awarded the Best Performing and Best Staging Awards at the XIII CENIT 2021 (Seville&#8217;s Contest of New Theatrical Researchers) and was a candidate for the 2021 Max Awards for Performing Arts as Best Emerging Authorship and Best Female Dance Performer. She received the Best Performer Award at the IX Burgos-Nueva York International Choreography Contest and the First Prize in Contemporary Dance at the IX Dance Marathon of the Madrid Theater (2010) for &#8220;<strong>Par\u00e1metros<\/strong>&#8221; and the Special Jury Prize at the IV Dance Marathon of the Madrid Theater (2006) for &#8220;<strong>Cambio curso de discusi\u00f3n avanzada por asiento con vistas<\/strong>&#8221;<\/p>\n<p>She combines stage creation with choreographic designs for events and film such as the Opening Ceremony of the IX South American Games Medell\u00edn 2010 (Colombia), the Opening and Closing Ceremonies of the 55th San Sebasti\u00e1n International Film Festival, the Cutty Sark \/Shangay-London show, the Efficacy Awards Ceremony, and various stage productions for companies (Ericsson, Randstad, Energy System, Axe, Balay, TVE1). Under the direction of the filmmaker Manuel Palacios, she collaborates as a choreographer and performer in the documentary &#8220;Sin vendas en la memoria&#8221;\/ <em>No more bandages in our memory<\/em> commissioned by the Basque Government as a tribute to the victims of terrorism.<\/p>\n<p>Between 2011 and 2016 she was professor in the Bachelor of Dance at the Universidad de Antioquia (Medell\u00edn, Colombia) and also director and driving force behind \u00c1RBOL, a creation and training platform that has promoted interdisciplinary links and performances in museums and public spaces. She has also been a member of the jury of the Dance Creation Aids of the Instituto Distrital de las Artes de Bogot\u00e1 and the Ministry of Culture of Colombia.<\/p>\n<p>She is a guest choreographer for various productions at: ArtEZ Bachelor of Dance (Netherlands), Descalzinha Danza (Madrid), Universidad de Antioquia (Colombia), and the Mar\u00eda de \u00c1vila Higher Conservatory (Madrid). She teaches contemporary dance lessons and scenic research workshops at national and international institutions: Broadway Dance Center-Tokyo (Japan), Institute of Culture and Heritage of Antioquia (Colombia), Ballet House (Colombia), Comandante Fortea Dance Conservatory, Professional Dance Conservatory of Valencia, Elephant in the Black Box Company, Carmen Senra School (Spain), Danza 180\u00ba, and The Place Dance Studio-Madrid.<\/p>\n<p>In 2024 she begins the research process for a new piece, &#8220;<strong>Haz arder mi le\u00f1o<\/strong>&#8220;\/ <em>Set my log on fire<\/em> as a resident company at the Canal Choreographic Center and the Mar\u00eda Pag\u00e9s Choreographic Center (Madrid).<\/p>\n<p>[\/vc_column_text][vc_empty_space height=&#8221;40px&#8221;]\t\t<\/div>\n\t<\/div>\n<\/div><\/div>[\/vc_column][\/vc_row]<\/p>\n","protected":false},"excerpt":{"rendered":"<p>[vc_row][vc_column][\/vc_column][\/vc_row]<\/p>\n","protected":false},"author":1,"featured_media":0,"parent":0,"menu_order":0,"comment_status":"closed","ping_status":"closed","template":"","meta":{"footnotes":""},"class_list":["post-3714","page","type-page","status-publish","hentry"],"translation":{"provider":"WPGlobus","version":"3.0.0","language":"en","enabled_languages":["es","en"],"languages":{"es":{"title":true,"content":true,"excerpt":false},"en":{"title":true,"content":true,"excerpt":false}}},"_links":{"self":[{"href":"https:\/\/mercedespedroche.com\/en\/wp-json\/wp\/v2\/pages\/3714","targetHints":{"allow":["GET"]}}],"collection":[{"href":"https:\/\/mercedespedroche.com\/en\/wp-json\/wp\/v2\/pages"}],"about":[{"href":"https:\/\/mercedespedroche.com\/en\/wp-json\/wp\/v2\/types\/page"}],"author":[{"embeddable":true,"href":"https:\/\/mercedespedroche.com\/en\/wp-json\/wp\/v2\/users\/1"}],"replies":[{"embeddable":true,"href":"https:\/\/mercedespedroche.com\/en\/wp-json\/wp\/v2\/comments?post=3714"}],"version-history":[{"count":24,"href":"https:\/\/mercedespedroche.com\/en\/wp-json\/wp\/v2\/pages\/3714\/revisions"}],"predecessor-version":[{"id":4640,"href":"https:\/\/mercedespedroche.com\/en\/wp-json\/wp\/v2\/pages\/3714\/revisions\/4640"}],"wp:attachment":[{"href":"https:\/\/mercedespedroche.com\/en\/wp-json\/wp\/v2\/media?parent=3714"}],"curies":[{"name":"wp","href":"https:\/\/api.w.org\/{rel}","templated":true}]}}