{"id":47,"date":"2019-09-11T18:50:01","date_gmt":"2019-09-11T18:50:01","guid":{"rendered":"https:\/\/mercedespedroche.com\/?page_id=47"},"modified":"2024-04-09T19:19:41","modified_gmt":"2024-04-09T19:19:41","slug":"docencia","status":"publish","type":"page","link":"https:\/\/mercedespedroche.com\/en\/docencia","title":{"rendered":"TEACHING"},"content":{"rendered":"<p>[vc_row row_content_width=&#8221;grid&#8221;][vc_column][vc_video link=&#8221;https:\/\/vimeo.com\/505283579&#8243; align=&#8221;center&#8221;][\/vc_column][\/vc_row][vc_row][vc_column][vc_empty_space height=&#8221;40px&#8221;][\/vc_column][\/vc_row][vc_row content_placement=&#8221;middle&#8221; row_content_width=&#8221;grid&#8221; content_text_aligment=&#8221;left&#8221;][vc_column][vc_column_text]<\/p>\n<h3><strong>UPCOMING <\/strong><\/h3>\n<p>&#8211; Workshop &#8216;TIERRA. Creative practices in motion&#8217; 3er edition\/ May 2024\/ Parque Natural Cabo de Gata &#8211; N\u00edjar (Spain)<\/p>\n<p>&#8211; Workshop &#8211; Creation residency &#8216;La invenci\u00f3n de la realidad&#8217;\/ 2nd to 6th September 2024\/ Casa Teatro del Poblado (Medell\u00edn, Colombia)<\/p>\n<p>&#8211; Workshop &#8211; Creation residency &#8216;La invenci\u00f3n de la realidad&#8217;\/ September 2024\/ Parques de Artes y Oficios de Bello (Medell\u00edn, Colombia)<\/p>\n<p>&#8211; Workshop &#8216;TIERRA. Creative practices in motion&#8217;\/ September 2024\/ Parques de Artes y Oficios de Bello (Medell\u00edn, Colombia)<\/p>\n<p>&nbsp;<\/p>\n<h3><strong>ONGOING<\/strong><\/h3>\n<p><strong>2024<\/strong><\/p>\n<p>&#8211; Danza 180\u00ba &#8211; Professional Dance Training Program (Madrid, Spain)\/ Scenic creation and research\/ Regular lessons\/ Abril 8th to June 30th<\/p>\n<p>&#8211; The Place Dance Studio Madrid &#8211; Professional Dance Training Program \/ Scenic creation and research\/ Regular lessons \/ Abril 15th to June 30th<\/p>\n<p>&nbsp;<\/p>\n<h3><strong>PREVIOUS<\/strong><\/h3>\n<p><strong>2024<\/strong><\/p>\n<p>&#8211; La Haima. Molino de Fern\u00e1n P\u00e9rez (Parque Natural Cabo de Gata &#8211; N\u00edjar)\/ &#8216;TIERRA. Creative practices in motion&#8217; 2nd edition<\/p>\n<p>&nbsp;<\/p>\n<p><strong>2023<\/strong><\/p>\n<p>&#8211; ArtEZ Bachelor of Dance (Arnhem, Netherlands)\/ &#8216;Terrario [La tierna indiferencia del mundo]&#8217;<strong> \/ <\/strong>Guest choreographer<\/p>\n<p>&#8211; Descalzhina Danza (Madrid) &#8211; Professional Dance Training Program\/ &#8216;La invenci\u00f3n de la realidad&#8217;\/ Guest choreographer<\/p>\n<p>&#8211; Conservatorio Profesional de Danza Comandante Fortea\/ Cultural sessions\/ Creative practices in motion<\/p>\n<p>&#8211; Ballet House (Carmen de Viboral, Colombia)\/ Creation residency IBERESCENA\/ Guest choreographer<\/p>\n<p>&#8211; Universidad de Antioquia- Bachelor of Dance (Medell\u00edn, Colombia)\/ &#8216;Terrario [La tierna indiferencia del mundo]&#8217;<strong> \/ <\/strong>Guest choreographer<\/p>\n<p>&#8211; Conservatorio Superior Mar\u00eda de \u00c1vila (Madrid)\/ &#8216;Terrario [La tierna indiferencia del mundo]&#8217;<strong>\/ <\/strong>Guest choreographer<\/p>\n<p>&nbsp;<\/p>\n<p><strong>2022<\/strong><\/p>\n<p>&#8211; Descalzhina Danza (Madrid) &#8211; Professional Dance Training Program \/ Scenic creation and research workshop<\/p>\n<p>&#8211; The Place Dance Studio\u00a0(Madrid)- Professional Dance Training Program \/ Contemporary dance workshop<\/p>\n<p>&#8211; Compa\u00f1\u00eda Elephant in the Blackbox (Madrid)- Professional Dance Training Program\/ Scenic creation and research workshop<\/p>\n<p>&#8211; Danza 180\u00ba (Madrid)- Professional Dance Training Program \/ Scenic creation and research\/ Regular lessons<\/p>\n<p>&#8211; Estudio 3 (Madrid)\/ &#8216;Riding the Body, Surfing Creation&#8217;\/ Scenic creation and research\/ Regular lessons<\/p>\n<p>&#8211; Conservatorio Profesional de Danza Comandante Fortea\/ Cultural sessions\/ Creative practices in motion<\/p>\n<p>&#8211; Pies para que los quiero Festival (Zaragoza, Spain)\/ Centro de Danza\/ &#8216;Riding the Body, Surfing Creation&#8217;\/ Scenic creation and research workshop<\/p>\n<p>&nbsp;<\/p>\n<p><strong>2021<\/strong><\/p>\n<p>&#8211; Estudio 3 (Madrid)\/ &#8216;Riding the Body, Surfing Creation&#8217;\/ Scenic creation and research\/ Regular lessons<\/p>\n<p>&#8211; Danza 180\u00ba (Madrid) &#8211; Professional Dance Training Program \/ Scenic creation and research\/ Regular lessons<\/p>\n<p>&nbsp;<\/p>\n<p><strong>2020<\/strong><\/p>\n<p>&#8211; Conservatorio de Danza de Valencia (Spain)\/ Scenic creation and research workshop<\/p>\n<p>&#8211; LAB 180 &#8211; Danza 180\u00ba (Madrid) &#8211; Professional Dance Training Program\/ &#8216;Terrario&#8217;\/ Guest choreographer<\/p>\n<p>&#8211; Espacio FCI (Madrid)\/ &#8216;Riding the Body, Surfing Creation&#8217;\/ Scenic creation and research\/ Regular lessons<\/p>\n<p>&#8211; &#8216;Clandestine sessions&#8217;\/ Contemporary dance lessons\/ Online during the COVID-19 lockdown period<\/p>\n<p>&#8211; Danza 180\u00ba (Madrid) &#8211; Professional Dance Training Program\/ &#8216;Riding the Body, Surfing Creation&#8217;\/ Scenic creation and research workshop<\/p>\n<p><strong>\u00a0<\/strong><\/p>\n<p><strong>2019<\/strong><\/p>\n<p>&#8211; Danza 180\u00ba (Madrid) &#8211; Professional Dance Training Program \/ &#8216;IN_OUT&#8217;\/ Scenic creation and research workshop<\/p>\n<p>&#8211; Bambudanza (Madrid)\/ &#8216;IN_OUT&#8217;\/ Scenic creation and research workshop<\/p>\n<p>&nbsp;<\/p>\n<p><strong>2018<\/strong><\/p>\n<p>&#8211; Bambudanza (Madrid)\/ &#8216;Tr\u00e1nsito&#8217;\/ Contemporary dance technique\/ Regular lessons<\/p>\n<p>&#8211; Sala de Exposiciones de Rodalquilar (Parque Natural Cabo de Gata &#8211; N\u00edjar)\/ &#8216;TIERRA. Creative practices in motion&#8217; &#8216;<\/p>\n<p>&nbsp;<\/p>\n<p><strong>2013-2017<\/strong><\/p>\n<p>&#8211; Adjunct Professor in the Dance Bachelor&#8217;s Degree Program at the University of Antioquia (Medell\u00edn, Colombia)\/ Subjects: Contemporary dance; Choreography workshop; Movement awareness and research; Methodology and didactics of Dance; Supervision of degree projects; Evaluation jury for degree projects<\/p>\n<p>&nbsp;<\/p>\n<p><strong>2014-2016<\/strong><\/p>\n<p>&#8211; Artistic Director in &#8216;ARBOL. Procesos creativos vivos&#8217;\u00a0(Medell\u00edn, Colombia)\/ Platform for training and stage creation<\/p>\n<p>&nbsp;<\/p>\n<p><strong>2015<\/strong><\/p>\n<p>&#8211; ARBOL. Procesos creativos vivos (Medell\u00edn, Colombia)\/ &#8216;Sowing&#8217;\/ Scenic creation and research workshop<\/p>\n<p>&#8211; Teatro Bit\u00e1coras (La Ceja, Colombia)\/ &#8216;IN_OUT&#8217;\/ Scenic creation and research workshop &#8211; Instituto de Cultura y Patrimonio de Antioquia (Medell\u00edn, Colombia)\/ Dramaturgies of the body&#8217;\/ Scenic creation and research workshop<\/p>\n<p>&#8211; ARBOL. Procesos creativos vivos (Medell\u00edn, Colombia)\/ Fundaci\u00f3n Espacio Arte\/ &#8216;Inhabit&#8217;\/ Laboratory of research in unconventional spaces<\/p>\n<p>&nbsp;<\/p>\n<p><strong>2014<\/strong><\/p>\n<p>&#8211; ARBOL. Procesos creativos vivos (Medell\u00edn, Colombia)\/ &#8216;IN_OUT&#8217;\/ Scenic creation and research workshop<\/p>\n<p>&#8211; ARBOL. Procesos creativos vivos (Medell\u00edn, Colombia)\/ &#8216;Transit&#8217;\/ Contemporary dance workshop<\/p>\n<p>&nbsp;<\/p>\n<p><strong>2013<\/strong><\/p>\n<p>&#8211; Broadway Dance Center-Tokyo\u00a0(Japan)\/ Contemporary dance workshop<\/p>\n<p>&#8211; Ballet Metropolitano de Medell\u00edn\/ &#8216;IN_OUT&#8217;\/ Scenic creation and research workshop<\/p>\n<p>&nbsp;<\/p>\n<p><strong>2012\u00a0\u00a0\u00a0<\/strong><\/p>\n<p>&#8211; Festival de Danza Contempor\u00e1nea AL BORDE (Medell\u00edn, Colombia)\/ Scenic creation and research workshop<\/p>\n<p>&#8211; Centro Cultural Facultad de las Artes Carlos E. Restrepo (Medell\u00edn, Colombia)\/ Scenic creation and research workshop<\/p>\n<p>&#8211; Broadway Dance Center-Tokyo\u00a0(Japan)\/ Contemporary dance workshop<\/p>\n<p>&#8211; Red de Danza Ciudad de Medell\u00edn\/ International guest teacher and academic advisor<\/p>\n<p>&nbsp;<\/p>\n<p><strong>2011<\/strong><\/p>\n<p>&#8211; Colectivo El cuarto Danza Teatro (Medell\u00edn, Colombia)\/ Scenic creation and research workshop<\/p>\n<p>&nbsp;<\/p>\n<p><strong>2008-2010<\/strong><\/p>\n<p>&#8211; Ballet Folkl\u00f3rico de Antioquia\u00a0(Medell\u00edn, Colombia)\/ Contemporary dance workshop<\/p>\n<p>&#8211; Escuela de Danza Carmen Senra\u00a0(Madrid) &#8211; Professional Dance Training Program \/ Contemporary dance<\/p>\n<p>&nbsp;<\/p>\n<p><strong>2003-2008<\/strong><\/p>\n<p>&#8211; Arts Centre\u00a0(L\u00e9rida, Spain)\/ Contemporary-Jazz workshop<\/p>\n<p>&#8211; Karen-Taft\u00a0(Madrid, Spain)\/ Contemporary-Jazz workshop<\/p>\n<p>&#8211; Mar\u00eda Carbonell\u00a0(Valencia, Spain)\/ Contemporary-Jazz workshop<\/p>\n<p>&#8211; Show Dance Studio\u00a0(Valencia, Spain)\/ Contemporary-Jazz workshop<\/p>\n<p>&#8211; Teatro Victoria\u00a0(Santa Cruz de Tenerife, Spain) )\/ Contemporary-Jazz workshop<\/p>\n<p>&#8211; Club Atl\u00e9tico Montemar\u00a0(Alicante, Spain) )\/ Contemporary-Jazz workshop<\/p>\n<p>&#8211; Madrid 47\u00a0(Madrid) )\/ Contemporary-Jazz\/ Regular lessons<\/p>\n<p>&#8211; EDA (Madrid) )\/ Contemporary-Jazz\/ Regular lessons<\/p>\n<p>&#8211; Relev\u00e9 (Madrid)\/ Contemporary-Jazz\/ Regular lessons<\/p>\n<p>[\/vc_column_text][\/vc_column][\/vc_row][vc_row][vc_column][vc_empty_space height=&#8221;40px&#8221;][\/vc_column][\/vc_row]<\/p>\n","protected":false},"excerpt":{"rendered":"<p>[vc_row row_content_width=&#8221;grid&#8221;][vc_column][vc_video link=&#8221;https:\/\/vimeo.com\/505283579&#8243; align=&#8221;center&#8221;][\/vc_column][\/vc_row][vc_row][vc_column][vc_empty_space height=&#8221;40px&#8221;][\/vc_column][\/vc_row][vc_row content_placement=&#8221;middle&#8221; row_content_width=&#8221;grid&#8221; content_text_aligment=&#8221;left&#8221;][vc_column][vc_column_text] UPCOMING &#8211; Workshop &#8216;TIERRA. Creative practices in motion&#8217; 3er edition\/ May 2024\/ Parque Natural Cabo de Gata &#8211; N\u00edjar (Spain) &#8211; Workshop &#8211; Creation residency &#8216;La invenci\u00f3n de la realidad&#8217;\/ 2nd to [&hellip;]<\/p>\n","protected":false},"author":1,"featured_media":0,"parent":0,"menu_order":0,"comment_status":"closed","ping_status":"closed","template":"full-width.php","meta":{"footnotes":""},"class_list":["post-47","page","type-page","status-publish","hentry"],"translation":{"provider":"WPGlobus","version":"3.0.0","language":"en","enabled_languages":["es","en"],"languages":{"es":{"title":true,"content":true,"excerpt":false},"en":{"title":true,"content":true,"excerpt":false}}},"_links":{"self":[{"href":"https:\/\/mercedespedroche.com\/en\/wp-json\/wp\/v2\/pages\/47","targetHints":{"allow":["GET"]}}],"collection":[{"href":"https:\/\/mercedespedroche.com\/en\/wp-json\/wp\/v2\/pages"}],"about":[{"href":"https:\/\/mercedespedroche.com\/en\/wp-json\/wp\/v2\/types\/page"}],"author":[{"embeddable":true,"href":"https:\/\/mercedespedroche.com\/en\/wp-json\/wp\/v2\/users\/1"}],"replies":[{"embeddable":true,"href":"https:\/\/mercedespedroche.com\/en\/wp-json\/wp\/v2\/comments?post=47"}],"version-history":[{"count":56,"href":"https:\/\/mercedespedroche.com\/en\/wp-json\/wp\/v2\/pages\/47\/revisions"}],"predecessor-version":[{"id":4643,"href":"https:\/\/mercedespedroche.com\/en\/wp-json\/wp\/v2\/pages\/47\/revisions\/4643"}],"wp:attachment":[{"href":"https:\/\/mercedespedroche.com\/en\/wp-json\/wp\/v2\/media?parent=47"}],"curies":[{"name":"wp","href":"https:\/\/api.w.org\/{rel}","templated":true}]}}